{"id":3,"date":"2023-02-22T17:35:49","date_gmt":"2023-02-22T16:35:49","guid":{"rendered":"http:\/\/test.aktenskapsdialog.se\/?page_id=3"},"modified":"2024-01-12T17:44:12","modified_gmt":"2024-01-12T16:44:12","slug":"integritetspolicy","status":"publish","type":"page","link":"https:\/\/test.aktenskapsdialog.se\/?page_id=3","title":{"rendered":"Integritetspolicy"},"content":{"rendered":"\n<p><br><strong>Kontaktdetaljer<\/strong><br>Se www.aktenskapsdialog.se<\/p>\n\n\n\n<p><strong>Syftet med behandlingen av personuppgifter<br><\/strong>\u00c4ktenskapsDialog Sverige anv\u00e4nder personuppgifter f\u00f6r att genomf\u00f6ra \u00e4ktenskapshelgen. Detta inkluderar att skicka n\u00f6dv\u00e4ndig information till deltagarna f\u00f6re helgen, boka hotellrum och f\u00f6r att uppr\u00e4tth\u00e5lla kontakt med deltagarna efter helgen.<br>F\u00f6rutom helgen h\u00e5ller \u00c4ktenskapsDialog olika arrangemang f\u00f6r gifta par. H\u00e4r anv\u00e4nds<br>personuppgifterna f\u00f6r att informera eller bjuda in till evenemang.<\/p>\n\n\n\n<p><br><strong>Vilken typ av personlig information behandlas?<br><\/strong>De personuppgifter som behandlas kan ses p\u00e5 anm\u00e4lningsformul\u00e4ret (se www.aktenskapsdialog.se)<\/p>\n\n\n\n<p><br><strong>Behandling av personuppgifter (behandlingsbasis)<br><\/strong>\u00c4ktenskapsDialog \u00e4r beroende av personlig information f\u00f6r att h\u00e5lla sina arrangemang.<br><\/p>\n\n\n\n<p><strong>Samtycke<\/strong><br>Vid anm\u00e4lan till en helg samtycker deltagarna till att \u00c4ktenskapsDialog hanterar personlig<br>information. Deltagarna kan n\u00e4r som helst dra tillbaka sitt samtycke genom att kontakta<br>\u00c4ktenskapsDialog, som d\u00e5 tar bort informationen.<\/p>\n\n\n\n<p><br><strong>Vem l\u00e4mnas personuppgifter till?<br><\/strong>Namn, adress och telefonnummer skickas till hotellet d\u00e4r \u00e4ktenskapshelgen \u00e4ger rum.<br>\u00c4ktenskapsDialog anv\u00e4nder vissa IT-l\u00f6sningar i sitt arbete d\u00e4r personuppgifter behandlas.<br>Anm\u00e4lningssystem \/ formul\u00e4r: Webbplats<br>Anm\u00e4lningssystem: Kalkylblad<br>F\u00f6r \u00f6vrigt \u00e4r det bara personer med uppgifter i \u00c4ktenskapsDialog som hanterar personuppgifter.<\/p>\n\n\n\n<p><br><strong>Varaktighet<\/strong><br>Kontaktuppgifter beh\u00e5lls tills kursdeltagare beg\u00e4r att de tas bort.<\/p>\n\n\n\n<p><br><strong>R\u00e4ttigheter<\/strong><br>Kursdeltagare har r\u00e4tt att f\u00e5 tillg\u00e5ng till, r\u00e4ttelse, radering, data\u00f6verf\u00f6ring, att kr\u00e4va att hanteringen av personupplysningarna begr\u00e4nsas och att mots\u00e4tta sig vissa typer av hantering.<br>Kursdeltagare har r\u00e4tt att \u00f6verklaga hos Datatillsynen f\u00f6r hantering i strid med reglerna.<br><\/p>\n\n\n\n<p><\/p>\n","protected":false},"excerpt":{"rendered":"<p>KontaktdetaljerSe www.aktenskapsdialog.se Syftet med behandlingen av personuppgifter\u00c4ktenskapsDialog Sverige anv\u00e4nder personuppgifter f\u00f6r att genomf\u00f6ra \u00e4ktenskapshelgen. Detta inkluderar att skicka n\u00f6dv\u00e4ndig information till deltagarna f\u00f6re helgen, boka hotellrum och f\u00f6r att uppr\u00e4tth\u00e5lla kontakt med deltagarna efter helgen.F\u00f6rutom helgen h\u00e5ller \u00c4ktenskapsDialog olika arrangemang f\u00f6r gifta par. H\u00e4r anv\u00e4ndspersonuppgifterna f\u00f6r att informera eller bjuda in till evenemang. Vilken typ &hellip; <\/p>\n<p class=\"link-more\"><a href=\"https:\/\/test.aktenskapsdialog.se\/?page_id=3\" class=\"more-link\">Forts\u00e4tt l\u00e4sa<span class=\"screen-reader-text\"> \u201dIntegritetspolicy\u201d<\/span><\/a><\/p>\n","protected":false},"author":1,"featured_media":0,"parent":0,"menu_order":0,"comment_status":"closed","ping_status":"open","template":"","meta":{"_mi_skip_tracking":false},"yoast_head":"<!-- This site is optimized with the Yoast SEO plugin v20.5 - https:\/\/yoast.com\/wordpress\/plugins\/seo\/ -->\n<title>Integritetspolicy - \u00c4ktenskapsdialog Sverige<\/title>\n<meta name=\"robots\" content=\"index, follow, max-snippet:-1, max-image-preview:large, max-video-preview:-1\" \/>\n<link rel=\"canonical\" href=\"https:\/\/www.aktenskapsdialog.se\/?page_id=3\" \/>\n<meta property=\"og:locale\" content=\"sv_SE\" \/>\n<meta property=\"og:type\" content=\"article\" \/>\n<meta property=\"og:title\" content=\"Integritetspolicy - \u00c4ktenskapsdialog Sverige\" \/>\n<meta property=\"og:description\" content=\"KontaktdetaljerSe www.aktenskapsdialog.se Syftet med behandlingen av personuppgifter\u00c4ktenskapsDialog Sverige anv\u00e4nder personuppgifter f\u00f6r att genomf\u00f6ra \u00e4ktenskapshelgen. Detta inkluderar att skicka n\u00f6dv\u00e4ndig information till deltagarna f\u00f6re helgen, boka hotellrum och f\u00f6r att uppr\u00e4tth\u00e5lla kontakt med deltagarna efter helgen.F\u00f6rutom helgen h\u00e5ller \u00c4ktenskapsDialog olika arrangemang f\u00f6r gifta par. H\u00e4r anv\u00e4ndspersonuppgifterna f\u00f6r att informera eller bjuda in till evenemang. Vilken typ &hellip; Forts\u00e4tt l\u00e4sa \u201dIntegritetspolicy\u201d\" \/>\n<meta property=\"og:url\" content=\"https:\/\/www.aktenskapsdialog.se\/?page_id=3\" \/>\n<meta property=\"og:site_name\" content=\"\u00c4ktenskapsdialog Sverige\" \/>\n<meta property=\"article:modified_time\" content=\"2024-01-12T16:44:12+00:00\" \/>\n<meta name=\"twitter:card\" content=\"summary_large_image\" \/>\n<meta name=\"twitter:label1\" content=\"Ber\u00e4knad l\u00e4stid\" \/>\n\t<meta name=\"twitter:data1\" content=\"2 minuter\" \/>\n<script type=\"application\/ld+json\" class=\"yoast-schema-graph\">{\"@context\":\"https:\/\/schema.org\",\"@graph\":[{\"@type\":\"WebPage\",\"@id\":\"https:\/\/www.aktenskapsdialog.se\/?page_id=3\",\"url\":\"https:\/\/www.aktenskapsdialog.se\/?page_id=3\",\"name\":\"Integritetspolicy - \u00c4ktenskapsdialog Sverige\",\"isPartOf\":{\"@id\":\"https:\/\/www.aktenskapsdialog.se\/#website\"},\"datePublished\":\"2023-02-22T16:35:49+00:00\",\"dateModified\":\"2024-01-12T16:44:12+00:00\",\"breadcrumb\":{\"@id\":\"https:\/\/www.aktenskapsdialog.se\/?page_id=3#breadcrumb\"},\"inLanguage\":\"sv-SE\",\"potentialAction\":[{\"@type\":\"ReadAction\",\"target\":[\"https:\/\/www.aktenskapsdialog.se\/?page_id=3\"]}]},{\"@type\":\"BreadcrumbList\",\"@id\":\"https:\/\/www.aktenskapsdialog.se\/?page_id=3#breadcrumb\",\"itemListElement\":[{\"@type\":\"ListItem\",\"position\":1,\"name\":\"Home\",\"item\":\"https:\/\/www.aktenskapsdialog.se\/\"},{\"@type\":\"ListItem\",\"position\":2,\"name\":\"Integritetspolicy\"}]},{\"@type\":\"WebSite\",\"@id\":\"https:\/\/www.aktenskapsdialog.se\/#website\",\"url\":\"https:\/\/www.aktenskapsdialog.se\/\",\"name\":\"\u00c4ktenskapsdialog Sverige\",\"description\":\"Friskv\u00e5rd i \u00e4ktenskapet\",\"publisher\":{\"@id\":\"https:\/\/www.aktenskapsdialog.se\/#organization\"},\"potentialAction\":[{\"@type\":\"SearchAction\",\"target\":{\"@type\":\"EntryPoint\",\"urlTemplate\":\"https:\/\/www.aktenskapsdialog.se\/?s={search_term_string}\"},\"query-input\":\"required name=search_term_string\"}],\"inLanguage\":\"sv-SE\"},{\"@type\":\"Organization\",\"@id\":\"https:\/\/www.aktenskapsdialog.se\/#organization\",\"name\":\"\u00c4ktenskapsdialog Sverige\",\"url\":\"https:\/\/www.aktenskapsdialog.se\/\",\"logo\":{\"@type\":\"ImageObject\",\"inLanguage\":\"sv-SE\",\"@id\":\"https:\/\/www.aktenskapsdialog.se\/#\/schema\/logo\/image\/\",\"url\":\"https:\/\/test.aktenskapsdialog.se\/wp-content\/uploads\/2023\/03\/cropped-WWME_Logo_Icon_RGB.png\",\"contentUrl\":\"https:\/\/test.aktenskapsdialog.se\/wp-content\/uploads\/2023\/03\/cropped-WWME_Logo_Icon_RGB.png\",\"width\":208,\"height\":250,\"caption\":\"\u00c4ktenskapsdialog Sverige\"},\"image\":{\"@id\":\"https:\/\/www.aktenskapsdialog.se\/#\/schema\/logo\/image\/\"}}]}<\/script>\n<!-- \/ Yoast SEO plugin. -->","yoast_head_json":{"title":"Integritetspolicy - \u00c4ktenskapsdialog Sverige","robots":{"index":"index","follow":"follow","max-snippet":"max-snippet:-1","max-image-preview":"max-image-preview:large","max-video-preview":"max-video-preview:-1"},"canonical":"https:\/\/www.aktenskapsdialog.se\/?page_id=3","og_locale":"sv_SE","og_type":"article","og_title":"Integritetspolicy - \u00c4ktenskapsdialog Sverige","og_description":"KontaktdetaljerSe www.aktenskapsdialog.se Syftet med behandlingen av personuppgifter\u00c4ktenskapsDialog Sverige anv\u00e4nder personuppgifter f\u00f6r att genomf\u00f6ra \u00e4ktenskapshelgen. Detta inkluderar att skicka n\u00f6dv\u00e4ndig information till deltagarna f\u00f6re helgen, boka hotellrum och f\u00f6r att uppr\u00e4tth\u00e5lla kontakt med deltagarna efter helgen.F\u00f6rutom helgen h\u00e5ller \u00c4ktenskapsDialog olika arrangemang f\u00f6r gifta par. H\u00e4r anv\u00e4ndspersonuppgifterna f\u00f6r att informera eller bjuda in till evenemang. Vilken typ &hellip; Forts\u00e4tt l\u00e4sa \u201dIntegritetspolicy\u201d","og_url":"https:\/\/www.aktenskapsdialog.se\/?page_id=3","og_site_name":"\u00c4ktenskapsdialog Sverige","article_modified_time":"2024-01-12T16:44:12+00:00","twitter_card":"summary_large_image","twitter_misc":{"Ber\u00e4knad l\u00e4stid":"2 minuter"},"schema":{"@context":"https:\/\/schema.org","@graph":[{"@type":"WebPage","@id":"https:\/\/www.aktenskapsdialog.se\/?page_id=3","url":"https:\/\/www.aktenskapsdialog.se\/?page_id=3","name":"Integritetspolicy - \u00c4ktenskapsdialog Sverige","isPartOf":{"@id":"https:\/\/www.aktenskapsdialog.se\/#website"},"datePublished":"2023-02-22T16:35:49+00:00","dateModified":"2024-01-12T16:44:12+00:00","breadcrumb":{"@id":"https:\/\/www.aktenskapsdialog.se\/?page_id=3#breadcrumb"},"inLanguage":"sv-SE","potentialAction":[{"@type":"ReadAction","target":["https:\/\/www.aktenskapsdialog.se\/?page_id=3"]}]},{"@type":"BreadcrumbList","@id":"https:\/\/www.aktenskapsdialog.se\/?page_id=3#breadcrumb","itemListElement":[{"@type":"ListItem","position":1,"name":"Home","item":"https:\/\/www.aktenskapsdialog.se\/"},{"@type":"ListItem","position":2,"name":"Integritetspolicy"}]},{"@type":"WebSite","@id":"https:\/\/www.aktenskapsdialog.se\/#website","url":"https:\/\/www.aktenskapsdialog.se\/","name":"\u00c4ktenskapsdialog Sverige","description":"Friskv\u00e5rd i \u00e4ktenskapet","publisher":{"@id":"https:\/\/www.aktenskapsdialog.se\/#organization"},"potentialAction":[{"@type":"SearchAction","target":{"@type":"EntryPoint","urlTemplate":"https:\/\/www.aktenskapsdialog.se\/?s={search_term_string}"},"query-input":"required name=search_term_string"}],"inLanguage":"sv-SE"},{"@type":"Organization","@id":"https:\/\/www.aktenskapsdialog.se\/#organization","name":"\u00c4ktenskapsdialog Sverige","url":"https:\/\/www.aktenskapsdialog.se\/","logo":{"@type":"ImageObject","inLanguage":"sv-SE","@id":"https:\/\/www.aktenskapsdialog.se\/#\/schema\/logo\/image\/","url":"https:\/\/test.aktenskapsdialog.se\/wp-content\/uploads\/2023\/03\/cropped-WWME_Logo_Icon_RGB.png","contentUrl":"https:\/\/test.aktenskapsdialog.se\/wp-content\/uploads\/2023\/03\/cropped-WWME_Logo_Icon_RGB.png","width":208,"height":250,"caption":"\u00c4ktenskapsdialog Sverige"},"image":{"@id":"https:\/\/www.aktenskapsdialog.se\/#\/schema\/logo\/image\/"}}]}},"_links":{"self":[{"href":"https:\/\/test.aktenskapsdialog.se\/index.php?rest_route=\/wp\/v2\/pages\/3"}],"collection":[{"href":"https:\/\/test.aktenskapsdialog.se\/index.php?rest_route=\/wp\/v2\/pages"}],"about":[{"href":"https:\/\/test.aktenskapsdialog.se\/index.php?rest_route=\/wp\/v2\/types\/page"}],"author":[{"embeddable":true,"href":"https:\/\/test.aktenskapsdialog.se\/index.php?rest_route=\/wp\/v2\/users\/1"}],"replies":[{"embeddable":true,"href":"https:\/\/test.aktenskapsdialog.se\/index.php?rest_route=%2Fwp%2Fv2%2Fcomments&post=3"}],"version-history":[{"count":1,"href":"https:\/\/test.aktenskapsdialog.se\/index.php?rest_route=\/wp\/v2\/pages\/3\/revisions"}],"predecessor-version":[{"id":253,"href":"https:\/\/test.aktenskapsdialog.se\/index.php?rest_route=\/wp\/v2\/pages\/3\/revisions\/253"}],"wp:attachment":[{"href":"https:\/\/test.aktenskapsdialog.se\/index.php?rest_route=%2Fwp%2Fv2%2Fmedia&parent=3"}],"curies":[{"name":"wp","href":"https:\/\/api.w.org\/{rel}","templated":true}]}}