{"id":103,"date":"2023-03-12T19:59:52","date_gmt":"2023-03-12T18:59:52","guid":{"rendered":"http:\/\/test.aktenskapsdialog.se\/?page_id=103"},"modified":"2023-08-28T17:03:43","modified_gmt":"2023-08-28T15:03:43","slug":"vad-hander-efter-helgen","status":"publish","type":"page","link":"https:\/\/test.aktenskapsdialog.se\/?page_id=103","title":{"rendered":"Vad h\u00e4nder efter helgen"},"content":{"rendered":"\n<h2 class=\"wp-block-heading\">Helgen \u00e4r bara b\u00f6rjan p\u00e5 er nya resa!<\/h2>\n\n\n\n<p>Resan med \u00c4ktenskapsdialog slutar inte n\u00e4r ni \u00e5ker hem p\u00e5 s\u00f6ndagen. F\u00f6rhoppningsvis \u00e4r det b\u00f6rjan p\u00e5 ert nya \u00e4ktenskap, men ocks\u00e5 p\u00e5 resan tillsammans med \u00c4ktenskapsdialog. Det finns mer att uppt\u00e4cka och material f\u00f6r er som vill forts\u00e4tta utforska och ha hj\u00e4lp och st\u00f6d i er relation.<\/p>\n\n\n\n<h2 class=\"wp-block-heading\">\u00c5tertr\u00e4ffar<\/h2>\n\n\n\n<p>Efter varje helg arrangerar vi \u00e5tertr\u00e4ffar. D\u00e4r f\u00e5r ni chans att repetera, \u00e5teruppv\u00e4cka verktygen och byta erfarenheter med varandra. P\u00e5 den h\u00e4r sidan uppdaterar vi kommande tr\u00e4ffar kontinuerligt om var och n\u00e4r de arrangeras. \u00c5tertr\u00e4ffarna \u00e4r f\u00f6r alla som n\u00e5gon g\u00e5ng g\u00e5tt en helg med \u00c4ktenskapsdialog. F\u00f6r det mesta kan vi erbjuda en fysisk tr\u00e4ff d\u00e4r vi m\u00f6ts, f\u00f6ljer ett program och \u00e4ter n\u00e5got enkelt tillsammans. Ibland har vi den digitalt, beroende p\u00e5 f\u00f6ruts\u00e4ttningar och var paren bor. M\u00e5let \u00e4r att s\u00e5 m\u00e5nga som m\u00f6jligt ska kunna vara med.<\/p>\n\n\n\n<h2 class=\"wp-block-heading\">G\u00e5 med i en cirkel<\/h2>\n\n\n\n<p>Runt om i landet har det bildats cirklar d\u00e4r par som f\u00e5tt uppleva \u00e4ktenskapshelgen m\u00f6ts regelbundet f\u00f6r att st\u00f6tta varandra, forts\u00e4tta l\u00e4ra k\u00e4nna varandra som par och \u00e4n mer utforska och praktisera redskapen f\u00f6r kommunikation. Det finns ett f\u00e4rdigt material att f\u00f6lja f\u00f6r sex stycken tr\u00e4ffar och sedan utformar man sin cirkel efter \u00f6nskem\u00e5l och behov. Inte s\u00e4llan kommer nya par med och cirklar kan delas och g\u00e5 samman.<br>Det \u00e4r Lotta och David Karlsson som har ansvar f\u00f6r cirklarna. Du kan kontakta dem h\u00e4r om ni \u00e4r intresserade av att starta en cirkel eller g\u00e5 med i en befintlig.<\/p>\n\n\n\n<h2 class=\"wp-block-heading\">Ge tillbaka till andra par<\/h2>\n\n\n\n<p>Det finns stora m\u00f6jligheter att vara med och sprida det ni f\u00e5tt uppleva vidare till andra par. Det \u00e4r ni som g\u00e5tt en helg som \u00e4r den effektivaste reklampelaren. Ber\u00e4tta f\u00f6r andra vad ni f\u00e5tt uppleva och hur det p\u00e5verkat er relation. D\u00e5 blir de nyfikna. Eftersom en helg upplevs s\u00e5 olika, ber\u00e4ttar vi s\u00e4llan s\u00e5 mycket om helgens program och vad som h\u00e4nder i detalj, mer om hur det p\u00e5verkat oss som par.<\/p>\n\n\n\n<p>\u00c4ktenskapsdialog \u00e4r en ideell f\u00f6rening och vi har just nu flera st\u00f6rre och mindre uppgifter f\u00f6r er som vill delta. Stora och mindre uppgifter, under kort eller l\u00e5ng tid. Det \u00e4r m\u00e5nga par som \u00e4r engagerade och som bidrar med sin tid och engagemang f\u00f6r att andra par ska f\u00e5 uppleva samma sak. G\u00f6r det ni ocks\u00e5! Kontakta: <a href=\"https:\/\/aktenskapsdialog.se\/?page_id=114\">Lotta &amp; David Karlsson<\/a><\/p>\n\n\n\n<h2 class=\"wp-block-heading\">Vi finns ocks\u00e5 p\u00e5 Facebook<\/h2>\n\n\n\n<p>B\u00e5de den v\u00e4rldsomsp\u00e4nnande organisationen f\u00f6r \u00c4ktenskapsdialog, <a href=\"https:\/\/www.facebook.com\/worldwidemarriageencounter\/\" target=\"_blank\" rel=\"noreferrer noopener\">World Marriage Encounter<\/a>, och svenska <a href=\"https:\/\/www.facebook.com\/profile.php?id=100066445882424\" target=\"_blank\" rel=\"noreferrer noopener\">\u00c4ktenskapsdialog<\/a> finns p\u00e5 Facebook. H\u00e4r kan du diskutera, ge tips och f\u00e5 annan information som kan hj\u00e4lpa er vidare i ert \u00e4ktenskap efter en helg.<\/p>\n","protected":false},"excerpt":{"rendered":"<p>Helgen \u00e4r bara b\u00f6rjan p\u00e5 er nya resa! Resan med \u00c4ktenskapsdialog slutar inte n\u00e4r ni \u00e5ker hem p\u00e5 s\u00f6ndagen. F\u00f6rhoppningsvis \u00e4r det b\u00f6rjan p\u00e5 ert nya \u00e4ktenskap, men ocks\u00e5 p\u00e5 resan tillsammans med \u00c4ktenskapsdialog. Det finns mer att uppt\u00e4cka och material f\u00f6r er som vill forts\u00e4tta utforska och ha hj\u00e4lp och st\u00f6d i er relation. &hellip; <\/p>\n<p class=\"link-more\"><a href=\"https:\/\/test.aktenskapsdialog.se\/?page_id=103\" class=\"more-link\">Forts\u00e4tt l\u00e4sa<span class=\"screen-reader-text\"> \u201dVad h\u00e4nder efter helgen\u201d<\/span><\/a><\/p>\n","protected":false},"author":1,"featured_media":0,"parent":0,"menu_order":0,"comment_status":"closed","ping_status":"closed","template":"","meta":{"_mi_skip_tracking":false},"yoast_head":"<!-- This site is optimized with the Yoast SEO plugin v20.5 - https:\/\/yoast.com\/wordpress\/plugins\/seo\/ -->\n<title>Vad h\u00e4nder efter helgen - \u00c4ktenskapsdialog Sverige<\/title>\n<meta name=\"robots\" content=\"index, follow, max-snippet:-1, max-image-preview:large, max-video-preview:-1\" \/>\n<link rel=\"canonical\" href=\"https:\/\/www.aktenskapsdialog.se\/?page_id=103\" \/>\n<meta property=\"og:locale\" content=\"sv_SE\" \/>\n<meta property=\"og:type\" content=\"article\" \/>\n<meta property=\"og:title\" content=\"Vad h\u00e4nder efter helgen - \u00c4ktenskapsdialog Sverige\" \/>\n<meta property=\"og:description\" content=\"Helgen \u00e4r bara b\u00f6rjan p\u00e5 er nya resa! Resan med \u00c4ktenskapsdialog slutar inte n\u00e4r ni \u00e5ker hem p\u00e5 s\u00f6ndagen. F\u00f6rhoppningsvis \u00e4r det b\u00f6rjan p\u00e5 ert nya \u00e4ktenskap, men ocks\u00e5 p\u00e5 resan tillsammans med \u00c4ktenskapsdialog. Det finns mer att uppt\u00e4cka och material f\u00f6r er som vill forts\u00e4tta utforska och ha hj\u00e4lp och st\u00f6d i er relation. &hellip; Forts\u00e4tt l\u00e4sa \u201dVad h\u00e4nder efter helgen\u201d\" \/>\n<meta property=\"og:url\" content=\"https:\/\/www.aktenskapsdialog.se\/?page_id=103\" \/>\n<meta property=\"og:site_name\" content=\"\u00c4ktenskapsdialog Sverige\" \/>\n<meta property=\"article:modified_time\" content=\"2023-08-28T15:03:43+00:00\" \/>\n<meta name=\"twitter:card\" content=\"summary_large_image\" \/>\n<meta name=\"twitter:label1\" content=\"Ber\u00e4knad l\u00e4stid\" \/>\n\t<meta name=\"twitter:data1\" content=\"3 minuter\" \/>\n<script type=\"application\/ld+json\" class=\"yoast-schema-graph\">{\"@context\":\"https:\/\/schema.org\",\"@graph\":[{\"@type\":\"WebPage\",\"@id\":\"https:\/\/www.aktenskapsdialog.se\/?page_id=103\",\"url\":\"https:\/\/www.aktenskapsdialog.se\/?page_id=103\",\"name\":\"Vad h\u00e4nder efter helgen - \u00c4ktenskapsdialog Sverige\",\"isPartOf\":{\"@id\":\"https:\/\/www.aktenskapsdialog.se\/#website\"},\"datePublished\":\"2023-03-12T18:59:52+00:00\",\"dateModified\":\"2023-08-28T15:03:43+00:00\",\"breadcrumb\":{\"@id\":\"https:\/\/www.aktenskapsdialog.se\/?page_id=103#breadcrumb\"},\"inLanguage\":\"sv-SE\",\"potentialAction\":[{\"@type\":\"ReadAction\",\"target\":[\"https:\/\/www.aktenskapsdialog.se\/?page_id=103\"]}]},{\"@type\":\"BreadcrumbList\",\"@id\":\"https:\/\/www.aktenskapsdialog.se\/?page_id=103#breadcrumb\",\"itemListElement\":[{\"@type\":\"ListItem\",\"position\":1,\"name\":\"Home\",\"item\":\"https:\/\/www.aktenskapsdialog.se\/\"},{\"@type\":\"ListItem\",\"position\":2,\"name\":\"Vad h\u00e4nder efter helgen\"}]},{\"@type\":\"WebSite\",\"@id\":\"https:\/\/www.aktenskapsdialog.se\/#website\",\"url\":\"https:\/\/www.aktenskapsdialog.se\/\",\"name\":\"\u00c4ktenskapsdialog Sverige\",\"description\":\"Friskv\u00e5rd i \u00e4ktenskapet\",\"publisher\":{\"@id\":\"https:\/\/www.aktenskapsdialog.se\/#organization\"},\"potentialAction\":[{\"@type\":\"SearchAction\",\"target\":{\"@type\":\"EntryPoint\",\"urlTemplate\":\"https:\/\/www.aktenskapsdialog.se\/?s={search_term_string}\"},\"query-input\":\"required name=search_term_string\"}],\"inLanguage\":\"sv-SE\"},{\"@type\":\"Organization\",\"@id\":\"https:\/\/www.aktenskapsdialog.se\/#organization\",\"name\":\"\u00c4ktenskapsdialog Sverige\",\"url\":\"https:\/\/www.aktenskapsdialog.se\/\",\"logo\":{\"@type\":\"ImageObject\",\"inLanguage\":\"sv-SE\",\"@id\":\"https:\/\/www.aktenskapsdialog.se\/#\/schema\/logo\/image\/\",\"url\":\"https:\/\/test.aktenskapsdialog.se\/wp-content\/uploads\/2023\/03\/cropped-WWME_Logo_Icon_RGB.png\",\"contentUrl\":\"https:\/\/test.aktenskapsdialog.se\/wp-content\/uploads\/2023\/03\/cropped-WWME_Logo_Icon_RGB.png\",\"width\":208,\"height\":250,\"caption\":\"\u00c4ktenskapsdialog Sverige\"},\"image\":{\"@id\":\"https:\/\/www.aktenskapsdialog.se\/#\/schema\/logo\/image\/\"}}]}<\/script>\n<!-- \/ Yoast SEO plugin. -->","yoast_head_json":{"title":"Vad h\u00e4nder efter helgen - \u00c4ktenskapsdialog Sverige","robots":{"index":"index","follow":"follow","max-snippet":"max-snippet:-1","max-image-preview":"max-image-preview:large","max-video-preview":"max-video-preview:-1"},"canonical":"https:\/\/www.aktenskapsdialog.se\/?page_id=103","og_locale":"sv_SE","og_type":"article","og_title":"Vad h\u00e4nder efter helgen - \u00c4ktenskapsdialog Sverige","og_description":"Helgen \u00e4r bara b\u00f6rjan p\u00e5 er nya resa! Resan med \u00c4ktenskapsdialog slutar inte n\u00e4r ni \u00e5ker hem p\u00e5 s\u00f6ndagen. F\u00f6rhoppningsvis \u00e4r det b\u00f6rjan p\u00e5 ert nya \u00e4ktenskap, men ocks\u00e5 p\u00e5 resan tillsammans med \u00c4ktenskapsdialog. Det finns mer att uppt\u00e4cka och material f\u00f6r er som vill forts\u00e4tta utforska och ha hj\u00e4lp och st\u00f6d i er relation. &hellip; Forts\u00e4tt l\u00e4sa \u201dVad h\u00e4nder efter helgen\u201d","og_url":"https:\/\/www.aktenskapsdialog.se\/?page_id=103","og_site_name":"\u00c4ktenskapsdialog Sverige","article_modified_time":"2023-08-28T15:03:43+00:00","twitter_card":"summary_large_image","twitter_misc":{"Ber\u00e4knad l\u00e4stid":"3 minuter"},"schema":{"@context":"https:\/\/schema.org","@graph":[{"@type":"WebPage","@id":"https:\/\/www.aktenskapsdialog.se\/?page_id=103","url":"https:\/\/www.aktenskapsdialog.se\/?page_id=103","name":"Vad h\u00e4nder efter helgen - \u00c4ktenskapsdialog Sverige","isPartOf":{"@id":"https:\/\/www.aktenskapsdialog.se\/#website"},"datePublished":"2023-03-12T18:59:52+00:00","dateModified":"2023-08-28T15:03:43+00:00","breadcrumb":{"@id":"https:\/\/www.aktenskapsdialog.se\/?page_id=103#breadcrumb"},"inLanguage":"sv-SE","potentialAction":[{"@type":"ReadAction","target":["https:\/\/www.aktenskapsdialog.se\/?page_id=103"]}]},{"@type":"BreadcrumbList","@id":"https:\/\/www.aktenskapsdialog.se\/?page_id=103#breadcrumb","itemListElement":[{"@type":"ListItem","position":1,"name":"Home","item":"https:\/\/www.aktenskapsdialog.se\/"},{"@type":"ListItem","position":2,"name":"Vad h\u00e4nder efter helgen"}]},{"@type":"WebSite","@id":"https:\/\/www.aktenskapsdialog.se\/#website","url":"https:\/\/www.aktenskapsdialog.se\/","name":"\u00c4ktenskapsdialog Sverige","description":"Friskv\u00e5rd i \u00e4ktenskapet","publisher":{"@id":"https:\/\/www.aktenskapsdialog.se\/#organization"},"potentialAction":[{"@type":"SearchAction","target":{"@type":"EntryPoint","urlTemplate":"https:\/\/www.aktenskapsdialog.se\/?s={search_term_string}"},"query-input":"required name=search_term_string"}],"inLanguage":"sv-SE"},{"@type":"Organization","@id":"https:\/\/www.aktenskapsdialog.se\/#organization","name":"\u00c4ktenskapsdialog Sverige","url":"https:\/\/www.aktenskapsdialog.se\/","logo":{"@type":"ImageObject","inLanguage":"sv-SE","@id":"https:\/\/www.aktenskapsdialog.se\/#\/schema\/logo\/image\/","url":"https:\/\/test.aktenskapsdialog.se\/wp-content\/uploads\/2023\/03\/cropped-WWME_Logo_Icon_RGB.png","contentUrl":"https:\/\/test.aktenskapsdialog.se\/wp-content\/uploads\/2023\/03\/cropped-WWME_Logo_Icon_RGB.png","width":208,"height":250,"caption":"\u00c4ktenskapsdialog Sverige"},"image":{"@id":"https:\/\/www.aktenskapsdialog.se\/#\/schema\/logo\/image\/"}}]}},"_links":{"self":[{"href":"https:\/\/test.aktenskapsdialog.se\/index.php?rest_route=\/wp\/v2\/pages\/103"}],"collection":[{"href":"https:\/\/test.aktenskapsdialog.se\/index.php?rest_route=\/wp\/v2\/pages"}],"about":[{"href":"https:\/\/test.aktenskapsdialog.se\/index.php?rest_route=\/wp\/v2\/types\/page"}],"author":[{"embeddable":true,"href":"https:\/\/test.aktenskapsdialog.se\/index.php?rest_route=\/wp\/v2\/users\/1"}],"replies":[{"embeddable":true,"href":"https:\/\/test.aktenskapsdialog.se\/index.php?rest_route=%2Fwp%2Fv2%2Fcomments&post=103"}],"version-history":[{"count":5,"href":"https:\/\/test.aktenskapsdialog.se\/index.php?rest_route=\/wp\/v2\/pages\/103\/revisions"}],"predecessor-version":[{"id":234,"href":"https:\/\/test.aktenskapsdialog.se\/index.php?rest_route=\/wp\/v2\/pages\/103\/revisions\/234"}],"wp:attachment":[{"href":"https:\/\/test.aktenskapsdialog.se\/index.php?rest_route=%2Fwp%2Fv2%2Fmedia&parent=103"}],"curies":[{"name":"wp","href":"https:\/\/api.w.org\/{rel}","templated":true}]}}